{"id":908,"date":"2016-07-08T15:09:41","date_gmt":"2016-07-08T13:09:41","guid":{"rendered":"https:\/\/www.oem-automotive-protection.com\/optifit\/"},"modified":"2018-04-25T07:41:03","modified_gmt":"2018-04-25T05:41:03","slug":"optifit","status":"publish","type":"page","link":"https:\/\/www.oem-automotive-protection.com\/es\/sitzbau\/optifit\/","title":{"rendered":"Optifit"},"content":{"rendered":"<p>\t\t\t\t<a href=\"https:\/\/www.oem-automotive-protection.com\/wp-content\/uploads\/2016\/07\/Optifit_001_Sitzbau_Produktfoto.png\" target=\"_self\" itemprop=\"url\"><br \/>\n\t\t\t\t<img loading=\"lazy\" decoding=\"async\" src=\"https:\/\/www.oem-automotive-protection.com\/wp-content\/uploads\/2016\/07\/Optifit_001_Sitzbau_Produktfoto.png\" alt=\"Optifit_001_Sitzbau_Produktfoto\" itemprop=\"image\" height=\"872\" width=\"860\"  \/><br \/>\n\t\t\t\t<\/a><br \/>\n\t\t\t\t<a href=\"https:\/\/www.oem-automotive-protection.com\/wp-content\/uploads\/2016\/07\/Total_Sitzbau_Produktfoto-1.png\" target=\"_self\" itemprop=\"url\"><br \/>\n\t\t\t\t<img loading=\"lazy\" decoding=\"async\" src=\"https:\/\/www.oem-automotive-protection.com\/wp-content\/uploads\/2016\/07\/Total_Sitzbau_Produktfoto-1-150x150.png\" alt=\"Total_Sitzbau_Produktfoto\" itemprop=\"image\" height=\"150\" width=\"150\"  \/><br \/>\n\t\t\t\t<\/a><\/p>\n<h1>Optifit<\/h1>\n<h2>Dise\u00f1o<\/h2>\n<ul>\n<li>Adaptaci\u00f3n variable al asiento<\/li>\n<li>Protecci\u00f3n del reposacabezas, opcional<\/li>\n<li>Acceso a elementos de mando<\/li>\n<\/ul>\n<h2>Caracter\u00edsticas del material<\/h2>\n<ul>\n<li>Muy antideslizante<\/li>\n<li>Ventilaci\u00f3n por perforaci\u00f3n<\/li>\n<li>Grosor del pl\u00e1stico: a partir de 20\u00b5m<\/li>\n<li>Transparente<\/li>\n<li>Producto en rollo preperforado<br \/>\n<a href=\"https:\/\/www.oem-automotive-protection.com\/wp-content\/uploads\/2016\/09\/Optifit_Sitzschutz-Fahrzeugindustrie.pdf\" target=\"_blank\" rel=\"noopener\">Optifit descarga ficha t\u00e9cnica<\/a><\/li>\n<\/ul>\n<p><a href=\"https:\/\/www.oem-automotive-protection.com\/es\/kontakt\/?sitzbau=Optifit\">Solicitar informaci\u00f3n<\/a><\/p>\n","protected":false},"excerpt":{"rendered":"<p>Optifit Dise\u00f1o Adaptaci\u00f3n variable al asiento Protecci\u00f3n del reposacabezas, opcional Acceso a elementos de mando Caracter\u00edsticas del material Muy antideslizante Ventilaci\u00f3n por perforaci\u00f3n Grosor del pl\u00e1stico: a partir de 20\u00b5m Transparente Producto en rollo preperforado Optifit descarga ficha t\u00e9cnica Solicitar informaci\u00f3n<\/p>\n","protected":false},"author":1,"featured_media":1247,"parent":916,"menu_order":0,"comment_status":"closed","ping_status":"closed","template":"","meta":{"footnotes":""},"class_list":["post-908","page","type-page","status-publish","has-post-thumbnail","hentry"],"yoast_head":"<!-- This site is optimized with the Yoast SEO plugin v16.9 - https:\/\/yoast.com\/wordpress\/plugins\/seo\/ -->\n<title>Optifit - OEM-Automotive-Protection.com<\/title>\n<meta name=\"robots\" content=\"index, follow, max-snippet:-1, max-image-preview:large, max-video-preview:-1\" \/>\n<link rel=\"canonical\" href=\"https:\/\/www.oem-automotive-protection.com\/es\/sitzbau\/optifit\/\" \/>\n<meta property=\"og:locale\" content=\"es_ES\" \/>\n<meta property=\"og:type\" content=\"article\" \/>\n<meta property=\"og:title\" content=\"Optifit - OEM-Automotive-Protection.com\" \/>\n<meta property=\"og:description\" content=\"Optifit Dise\u00f1o Adaptaci\u00f3n variable al asiento Protecci\u00f3n del reposacabezas, opcional Acceso a elementos de mando Caracter\u00edsticas del material Muy antideslizante Ventilaci\u00f3n por perforaci\u00f3n Grosor del pl\u00e1stico: a partir de 20\u00b5m Transparente Producto en rollo preperforado Optifit descarga ficha t\u00e9cnica Solicitar informaci\u00f3n\" \/>\n<meta property=\"og:url\" content=\"https:\/\/www.oem-automotive-protection.com\/es\/sitzbau\/optifit\/\" \/>\n<meta property=\"og:site_name\" content=\"OEM-Automotive-Protection.com\" \/>\n<meta property=\"article:modified_time\" content=\"2018-04-25T05:41:03+00:00\" \/>\n<meta property=\"og:image\" content=\"https:\/\/www.oem-automotive-protection.com\/wp-content\/uploads\/2016\/07\/Optifit_001_Sitzbau_Produktfoto.png\" \/>\n<meta name=\"twitter:card\" content=\"summary\" \/>\n<script type=\"application\/ld+json\" class=\"yoast-schema-graph\">{\"@context\":\"https:\/\/schema.org\",\"@graph\":[{\"@type\":\"WebSite\",\"@id\":\"https:\/\/www.oem-automotive-protection.com\/#website\",\"url\":\"https:\/\/www.oem-automotive-protection.com\/\",\"name\":\"OEM-Automotive-Protection.com\",\"description\":\"Eine weitere WordPress Website\",\"potentialAction\":[{\"@type\":\"SearchAction\",\"target\":{\"@type\":\"EntryPoint\",\"urlTemplate\":\"https:\/\/www.oem-automotive-protection.com\/?s={search_term_string}\"},\"query-input\":\"required name=search_term_string\"}],\"inLanguage\":\"es\"},{\"@type\":\"ImageObject\",\"@id\":\"https:\/\/www.oem-automotive-protection.com\/es\/sitzbau\/optifit\/#primaryimage\",\"inLanguage\":\"es\",\"url\":\"https:\/\/www.oem-automotive-protection.com\/wp-content\/uploads\/2016\/07\/Optifit_Sitzbau_Produktbilder.png\",\"contentUrl\":\"https:\/\/www.oem-automotive-protection.com\/wp-content\/uploads\/2016\/07\/Optifit_Sitzbau_Produktbilder.png\",\"width\":860,\"height\":872},{\"@type\":\"WebPage\",\"@id\":\"https:\/\/www.oem-automotive-protection.com\/es\/sitzbau\/optifit\/#webpage\",\"url\":\"https:\/\/www.oem-automotive-protection.com\/es\/sitzbau\/optifit\/\",\"name\":\"Optifit - OEM-Automotive-Protection.com\",\"isPartOf\":{\"@id\":\"https:\/\/www.oem-automotive-protection.com\/#website\"},\"primaryImageOfPage\":{\"@id\":\"https:\/\/www.oem-automotive-protection.com\/es\/sitzbau\/optifit\/#primaryimage\"},\"datePublished\":\"2016-07-08T13:09:41+00:00\",\"dateModified\":\"2018-04-25T05:41:03+00:00\",\"breadcrumb\":{\"@id\":\"https:\/\/www.oem-automotive-protection.com\/es\/sitzbau\/optifit\/#breadcrumb\"},\"inLanguage\":\"es\",\"potentialAction\":[{\"@type\":\"ReadAction\",\"target\":[\"https:\/\/www.oem-automotive-protection.com\/es\/sitzbau\/optifit\/\"]}]},{\"@type\":\"BreadcrumbList\",\"@id\":\"https:\/\/www.oem-automotive-protection.com\/es\/sitzbau\/optifit\/#breadcrumb\",\"itemListElement\":[{\"@type\":\"ListItem\",\"position\":1,\"name\":\"Startseite\",\"item\":\"https:\/\/www.oem-automotive-protection.com\/es\/\"},{\"@type\":\"ListItem\",\"position\":2,\"name\":\"Sitzbau\",\"item\":\"https:\/\/www.oem-automotive-protection.com\/es\/sitzbau\/\"},{\"@type\":\"ListItem\",\"position\":3,\"name\":\"Optifit\"}]}]}<\/script>\n<!-- \/ Yoast SEO plugin. -->","yoast_head_json":{"title":"Optifit - OEM-Automotive-Protection.com","robots":{"index":"index","follow":"follow","max-snippet":"max-snippet:-1","max-image-preview":"max-image-preview:large","max-video-preview":"max-video-preview:-1"},"canonical":"https:\/\/www.oem-automotive-protection.com\/es\/sitzbau\/optifit\/","og_locale":"es_ES","og_type":"article","og_title":"Optifit - OEM-Automotive-Protection.com","og_description":"Optifit Dise\u00f1o Adaptaci\u00f3n variable al asiento Protecci\u00f3n del reposacabezas, opcional Acceso a elementos de mando Caracter\u00edsticas del material Muy antideslizante Ventilaci\u00f3n por perforaci\u00f3n Grosor del pl\u00e1stico: a partir de 20\u00b5m Transparente Producto en rollo preperforado Optifit descarga ficha t\u00e9cnica Solicitar informaci\u00f3n","og_url":"https:\/\/www.oem-automotive-protection.com\/es\/sitzbau\/optifit\/","og_site_name":"OEM-Automotive-Protection.com","article_modified_time":"2018-04-25T05:41:03+00:00","og_image":[{"url":"https:\/\/www.oem-automotive-protection.com\/wp-content\/uploads\/2016\/07\/Optifit_001_Sitzbau_Produktfoto.png"}],"twitter_card":"summary","schema":{"@context":"https:\/\/schema.org","@graph":[{"@type":"WebSite","@id":"https:\/\/www.oem-automotive-protection.com\/#website","url":"https:\/\/www.oem-automotive-protection.com\/","name":"OEM-Automotive-Protection.com","description":"Eine weitere WordPress Website","potentialAction":[{"@type":"SearchAction","target":{"@type":"EntryPoint","urlTemplate":"https:\/\/www.oem-automotive-protection.com\/?s={search_term_string}"},"query-input":"required name=search_term_string"}],"inLanguage":"es"},{"@type":"ImageObject","@id":"https:\/\/www.oem-automotive-protection.com\/es\/sitzbau\/optifit\/#primaryimage","inLanguage":"es","url":"https:\/\/www.oem-automotive-protection.com\/wp-content\/uploads\/2016\/07\/Optifit_Sitzbau_Produktbilder.png","contentUrl":"https:\/\/www.oem-automotive-protection.com\/wp-content\/uploads\/2016\/07\/Optifit_Sitzbau_Produktbilder.png","width":860,"height":872},{"@type":"WebPage","@id":"https:\/\/www.oem-automotive-protection.com\/es\/sitzbau\/optifit\/#webpage","url":"https:\/\/www.oem-automotive-protection.com\/es\/sitzbau\/optifit\/","name":"Optifit - OEM-Automotive-Protection.com","isPartOf":{"@id":"https:\/\/www.oem-automotive-protection.com\/#website"},"primaryImageOfPage":{"@id":"https:\/\/www.oem-automotive-protection.com\/es\/sitzbau\/optifit\/#primaryimage"},"datePublished":"2016-07-08T13:09:41+00:00","dateModified":"2018-04-25T05:41:03+00:00","breadcrumb":{"@id":"https:\/\/www.oem-automotive-protection.com\/es\/sitzbau\/optifit\/#breadcrumb"},"inLanguage":"es","potentialAction":[{"@type":"ReadAction","target":["https:\/\/www.oem-automotive-protection.com\/es\/sitzbau\/optifit\/"]}]},{"@type":"BreadcrumbList","@id":"https:\/\/www.oem-automotive-protection.com\/es\/sitzbau\/optifit\/#breadcrumb","itemListElement":[{"@type":"ListItem","position":1,"name":"Startseite","item":"https:\/\/www.oem-automotive-protection.com\/es\/"},{"@type":"ListItem","position":2,"name":"Sitzbau","item":"https:\/\/www.oem-automotive-protection.com\/es\/sitzbau\/"},{"@type":"ListItem","position":3,"name":"Optifit"}]}]}},"_links":{"self":[{"href":"https:\/\/www.oem-automotive-protection.com\/es\/wp-json\/wp\/v2\/pages\/908\/"}],"collection":[{"href":"https:\/\/www.oem-automotive-protection.com\/es\/wp-json\/wp\/v2\/pages\/"}],"about":[{"href":"https:\/\/www.oem-automotive-protection.com\/es\/wp-json\/wp\/v2\/types\/page\/"}],"author":[{"embeddable":true,"href":"https:\/\/www.oem-automotive-protection.com\/es\/wp-json\/wp\/v2\/users\/1\/"}],"replies":[{"embeddable":true,"href":"https:\/\/www.oem-automotive-protection.com\/es\/wp-json\/wp\/v2\/comments\/?post=908"}],"version-history":[{"count":3,"href":"https:\/\/www.oem-automotive-protection.com\/es\/wp-json\/wp\/v2\/pages\/908\/revisions\/"}],"predecessor-version":[{"id":1042,"href":"https:\/\/www.oem-automotive-protection.com\/es\/wp-json\/wp\/v2\/pages\/908\/revisions\/1042\/"}],"up":[{"embeddable":true,"href":"https:\/\/www.oem-automotive-protection.com\/es\/wp-json\/wp\/v2\/pages\/916\/"}],"wp:featuredmedia":[{"embeddable":true,"href":"https:\/\/www.oem-automotive-protection.com\/es\/wp-json\/wp\/v2\/media\/1247\/"}],"wp:attachment":[{"href":"https:\/\/www.oem-automotive-protection.com\/es\/wp-json\/wp\/v2\/media\/?parent=908"}],"curies":[{"name":"wp","href":"https:\/\/api.w.org\/{rel}","templated":true}]}}